{"id":1219,"date":"2019-09-26T13:05:44","date_gmt":"2019-09-26T13:05:44","guid":{"rendered":"https:\/\/musea.qodeinteractive.com\/?page_id=1219"},"modified":"2025-04-12T19:52:37","modified_gmt":"2025-04-12T17:52:37","slug":"mythologies","status":"publish","type":"page","link":"https:\/\/mythologyechoes.com\/index.php\/mythologies\/","title":{"rendered":"Mythologies"},"content":{"rendered":"<div class=\"wpb-content-wrapper\"><p>[vc_row row_content_width=\u00a0\u00bbgrid\u00a0\u00bb css=\u00a0\u00bb.vc_custom_1569503610699{padding-top: 147px !important;padding-bottom: 71px !important;}\u00a0\u00bb][vc_column offset=\u00a0\u00bbvc_col-lg-offset-1 vc_col-lg-10 vc_col-md-offset-0 vc_col-md-12 vc_col-sm-offset-0 vc_col-xs-12&Prime;]<div class=\"eltdf-section-title-holder   eltdf-st-decorative-line\" style=\"text-align: center\">\n\t<div class=\"eltdf-st-inner\">\n                    <span class=\"eltdf-st-caption\" style=\"color: #c9ab81;margin: 0 0 6px 0\">\n                <span class=\"eltdf-st-caption-inner\" >Aux origines des dieux, des mondes et des hommes<\/span>\n            <\/span>\n        \t\t\t\t\t<h2 class=\"eltdf-st-title\" >\n    <span class=\"eltdf-st-title-inner\"><span class=\"eltdf-st-side-line-left\" ><\/span>\ud83c\udf00 Les Grandes Mythologies du Monde<span class=\"eltdf-st-side-line-right\" ><\/span><\/span>\n\t\t\t<\/h2>\n\t\t\t\t\t\t\t<p class=\"eltdf-st-text\" style=\"font-size: 19px;line-height: 28px;margin: 13px 0 0 0\">\n\t\t\t\tDepuis les premiers r\u00e9cits murmur\u00e9s autour du feu jusqu\u2019aux \u00e9pop\u00e9es grav\u00e9es dans la pierre, l\u2019humanit\u00e9 n\u2019a cess\u00e9 de raconter.<br \/>\nPartout sur la plan\u00e8te, les peuples ont invent\u00e9 des dieux, des monstres, des h\u00e9ros et des r\u00e8gles sacr\u00e9es pour expliquer l\u2019invisible, l\u2019incompr\u00e9hensible, l\u2019\u00e9ternel.<br \/>\nCes mythologies, multiples et contrast\u00e9es, ne sont pas que des croyances oubli\u00e9es : elles sont les reflets vivants des civilisations, de leurs espoirs, de leurs peurs, de leur rapport au monde.\nQu\u2019elles viennent de Sumer, d\u2019\u00c9gypte, de l\u2019Inde, de la M\u00e9soam\u00e9rique ou des terres nordiques, ces traditions forment une carte cosmique de l\u2019imaginaire humain.<br \/>\nIci, nous les explorons une \u00e0 une \u2014 non pour les classer, mais pour les \u00e9couter.\t\t\t<\/p>\n\t\t\t\t\t<\/div>\n<\/div>[\/vc_column][\/vc_row][vc_row row_content_width=\u00a0\u00bbgrid\u00a0\u00bb content_text_aligment=\u00a0\u00bbcenter\u00a0\u00bb][vc_column offset=\u00a0\u00bbvc_col-lg-offset-0 vc_col-lg-3 vc_col-md-offset-0 vc_col-md-6 vc_col-sm-offset-0 vc_col-xs-12&Prime;]<div class=\"eltdf-team-holder eltdf-team-info-below-image\">\n\t<div class=\"eltdf-team-inner\">\n\t\t\t\t\t<div class=\"eltdf-team-image\">\n                <img loading=\"lazy\" decoding=\"async\" width=\"700\" height=\"700\" src=\"https:\/\/mythologyechoes.com\/wp-content\/uploads\/2025\/04\/mythologyechoes.com-Amazighe-square.png\" class=\"attachment-full size-full\" alt=\"\" srcset=\"https:\/\/mythologyechoes.com\/wp-content\/uploads\/2025\/04\/mythologyechoes.com-Amazighe-square.png 700w, https:\/\/mythologyechoes.com\/wp-content\/uploads\/2025\/04\/mythologyechoes.com-Amazighe-square-300x300.png 300w, https:\/\/mythologyechoes.com\/wp-content\/uploads\/2025\/04\/mythologyechoes.com-Amazighe-square-150x150.png 150w, https:\/\/mythologyechoes.com\/wp-content\/uploads\/2025\/04\/mythologyechoes.com-Amazighe-square-650x650.png 650w, https:\/\/mythologyechoes.com\/wp-content\/uploads\/2025\/04\/mythologyechoes.com-Amazighe-square-600x600.png 600w, https:\/\/mythologyechoes.com\/wp-content\/uploads\/2025\/04\/mythologyechoes.com-Amazighe-square-100x100.png 100w\" sizes=\"auto, (max-width: 700px) 100vw, 700px\" \/>\t\t\t\t                    <a class=\"eltdf-team-link\" href=\"https:\/\/mythologyechoes.com\/index.php\/category\/berbere-amazighe\/\" target=\"\" ><\/a>\n                                \t\t\t<\/div>\n\t\t\t\t<div class=\"eltdf-team-info\">\n\t\t\t\t\t\t\t<h5 class=\"eltdf-team-name\" >Berb\u00e8re \/ Amazighe<\/h5>\n\t\t\t\t\t\t\t\t\t\t<div class=\"eltdf-team-position\" >-1000 av. J.-C.<\/div>\n\t\t\t\t\t\t\t\t\t\t<p class=\"eltdf-team-text\" >Ancienne et transmise oralement, la mythologie amazighe plonge ses racines dans les terres d\u2019Afrique du Nord. Peu connue du grand public, elle regorge de divinit\u00e9s li\u00e9es \u00e0 la nature, aux \u00e9toiles et aux \u00e9l\u00e9ments.<\/p>\n\t\t\t\t\t<\/div>\n\t<\/div>\n<\/div>[vc_empty_space height=\u00a0\u00bb72px\u00a0\u00bb][\/vc_column][vc_column offset=\u00a0\u00bbvc_col-lg-offset-0 vc_col-lg-3 vc_col-md-offset-0 vc_col-md-6 vc_col-sm-offset-0 vc_col-xs-12&Prime;]<div class=\"eltdf-team-holder eltdf-team-info-below-image\">\n\t<div class=\"eltdf-team-inner\">\n\t\t\t\t\t<div class=\"eltdf-team-image\">\n                <img loading=\"lazy\" decoding=\"async\" width=\"700\" height=\"700\" src=\"https:\/\/mythologyechoes.com\/wp-content\/uploads\/2025\/04\/mythologyechoes.com-chine-antique-square.png\" class=\"attachment-full size-full\" alt=\"\" srcset=\"https:\/\/mythologyechoes.com\/wp-content\/uploads\/2025\/04\/mythologyechoes.com-chine-antique-square.png 700w, https:\/\/mythologyechoes.com\/wp-content\/uploads\/2025\/04\/mythologyechoes.com-chine-antique-square-300x300.png 300w, https:\/\/mythologyechoes.com\/wp-content\/uploads\/2025\/04\/mythologyechoes.com-chine-antique-square-150x150.png 150w, https:\/\/mythologyechoes.com\/wp-content\/uploads\/2025\/04\/mythologyechoes.com-chine-antique-square-650x650.png 650w, https:\/\/mythologyechoes.com\/wp-content\/uploads\/2025\/04\/mythologyechoes.com-chine-antique-square-600x600.png 600w, https:\/\/mythologyechoes.com\/wp-content\/uploads\/2025\/04\/mythologyechoes.com-chine-antique-square-100x100.png 100w\" sizes=\"auto, (max-width: 700px) 100vw, 700px\" \/>\t\t\t\t                    <a class=\"eltdf-team-link\" href=\"https:\/\/mythologyechoes.com\/index.php\/category\/chinoise-antique\/\" target=\"\" ><\/a>\n                                \t\t\t<\/div>\n\t\t\t\t<div class=\"eltdf-team-info\">\n\t\t\t\t\t\t\t<h5 class=\"eltdf-team-name\" >Chinoise antique<\/h5>\n\t\t\t\t\t\t\t\t\t\t<div class=\"eltdf-team-position\" >-1 100 \u00e0 -800<\/div>\n\t\t\t\t\t\t\t\t\t\t<p class=\"eltdf-team-text\" >La mythologie chinoise raconte la naissance du monde \u00e0 travers des \u00eatres cosmiques comme Pangu, qui s\u00e9para le ciel et la terre.<\/p>\n\t\t\t\t\t<\/div>\n\t<\/div>\n<\/div>[vc_empty_space height=\u00a0\u00bb72px\u00a0\u00bb][\/vc_column][vc_column offset=\u00a0\u00bbvc_col-lg-offset-0 vc_col-lg-3 vc_col-md-offset-0 vc_col-md-6 vc_col-sm-offset-0 vc_col-xs-12&Prime;]<div class=\"eltdf-team-holder eltdf-team-info-below-image\">\n\t<div class=\"eltdf-team-inner\">\n\t\t\t\t\t<div class=\"eltdf-team-image\">\n                <img loading=\"lazy\" decoding=\"async\" width=\"700\" height=\"700\" src=\"https:\/\/mythologyechoes.com\/wp-content\/uploads\/2025\/04\/mythologyechoes.com-Egyptienne-antique-square.png\" class=\"attachment-full size-full\" alt=\"\" srcset=\"https:\/\/mythologyechoes.com\/wp-content\/uploads\/2025\/04\/mythologyechoes.com-Egyptienne-antique-square.png 700w, https:\/\/mythologyechoes.com\/wp-content\/uploads\/2025\/04\/mythologyechoes.com-Egyptienne-antique-square-300x300.png 300w, https:\/\/mythologyechoes.com\/wp-content\/uploads\/2025\/04\/mythologyechoes.com-Egyptienne-antique-square-150x150.png 150w, https:\/\/mythologyechoes.com\/wp-content\/uploads\/2025\/04\/mythologyechoes.com-Egyptienne-antique-square-650x650.png 650w, https:\/\/mythologyechoes.com\/wp-content\/uploads\/2025\/04\/mythologyechoes.com-Egyptienne-antique-square-600x600.png 600w, https:\/\/mythologyechoes.com\/wp-content\/uploads\/2025\/04\/mythologyechoes.com-Egyptienne-antique-square-100x100.png 100w\" sizes=\"auto, (max-width: 700px) 100vw, 700px\" \/>\t\t\t\t                    <a class=\"eltdf-team-link\" href=\"https:\/\/mythologyechoes.com\/index.php\/category\/egyptienne-antique\/\" target=\"\" ><\/a>\n                                \t\t\t<\/div>\n\t\t\t\t<div class=\"eltdf-team-info\">\n\t\t\t\t\t\t\t<h5 class=\"eltdf-team-name\" >\u00c9gyptienne antique<\/h5>\n\t\t\t\t\t\t\t\t\t\t<div class=\"eltdf-team-position\" >-3000 av. J.-C.<\/div>\n\t\t\t\t\t\t\t\t\t\t<p class=\"eltdf-team-text\" >Symbole de grandeur et de myst\u00e8re, la mythologie \u00e9gyptienne relie les cycles du Nil, la vie apr\u00e8s la mort et l\u2019ordre cosmique. Osiris, Isis, Horus, R\u00ea, Anubis\u2026<\/p>\n\t\t\t\t\t<\/div>\n\t<\/div>\n<\/div>[vc_empty_space height=\u00a0\u00bb72px\u00a0\u00bb][\/vc_column][vc_column offset=\u00a0\u00bbvc_col-lg-offset-0 vc_col-lg-3 vc_col-md-offset-0 vc_col-md-6 vc_col-sm-offset-0 vc_col-xs-12&Prime;]<div class=\"eltdf-team-holder eltdf-team-info-below-image\">\n\t<div class=\"eltdf-team-inner\">\n\t\t\t\t\t<div class=\"eltdf-team-image\">\n                <img loading=\"lazy\" decoding=\"async\" width=\"700\" height=\"700\" src=\"https:\/\/mythologyechoes.com\/wp-content\/uploads\/2025\/04\/mythologyechoes.com-Grece-antique-square.png\" class=\"attachment-full size-full\" alt=\"\" srcset=\"https:\/\/mythologyechoes.com\/wp-content\/uploads\/2025\/04\/mythologyechoes.com-Grece-antique-square.png 700w, https:\/\/mythologyechoes.com\/wp-content\/uploads\/2025\/04\/mythologyechoes.com-Grece-antique-square-300x300.png 300w, https:\/\/mythologyechoes.com\/wp-content\/uploads\/2025\/04\/mythologyechoes.com-Grece-antique-square-150x150.png 150w, https:\/\/mythologyechoes.com\/wp-content\/uploads\/2025\/04\/mythologyechoes.com-Grece-antique-square-650x650.png 650w, https:\/\/mythologyechoes.com\/wp-content\/uploads\/2025\/04\/mythologyechoes.com-Grece-antique-square-600x600.png 600w, https:\/\/mythologyechoes.com\/wp-content\/uploads\/2025\/04\/mythologyechoes.com-Grece-antique-square-100x100.png 100w\" sizes=\"auto, (max-width: 700px) 100vw, 700px\" \/>\t\t\t\t                    <a class=\"eltdf-team-link\" href=\"https:\/\/mythologyechoes.com\/index.php\/category\/grecque\/\" target=\"\" ><\/a>\n                                \t\t\t<\/div>\n\t\t\t\t<div class=\"eltdf-team-info\">\n\t\t\t\t\t\t\t<h5 class=\"eltdf-team-name\" >Grecque<\/h5>\n\t\t\t\t\t\t\t\t\t\t<div class=\"eltdf-team-position\" >-2000<\/div>\n\t\t\t\t\t\t\t\t\t\t<p class=\"eltdf-team-text\" >L\u2019une des plus riches et influentes du monde occidental. De Chaos naissent Gaia, Ouranos, puis les Titans et les dieux de l\u2019Olympe. Zeus, Ath\u00e9na, Pos\u00e9idon, Had\u00e8s, Apollon\u2026<\/p>\n\t\t\t\t\t<\/div>\n\t<\/div>\n<\/div>[vc_empty_space height=\u00a0\u00bb72px\u00a0\u00bb][\/vc_column][\/vc_row][vc_row row_content_width=\u00a0\u00bbgrid\u00a0\u00bb content_text_aligment=\u00a0\u00bbcenter\u00a0\u00bb css=\u00a0\u00bb.vc_custom_1569503551841{padding-bottom: 80px !important;}\u00a0\u00bb][vc_column offset=\u00a0\u00bbvc_col-lg-offset-0 vc_col-lg-3 vc_col-md-offset-0 vc_col-md-6 vc_col-sm-offset-0 vc_col-xs-12&Prime;]<div class=\"eltdf-team-holder eltdf-team-info-below-image\">\n\t<div class=\"eltdf-team-inner\">\n\t\t\t\t\t<div class=\"eltdf-team-image\">\n                <img loading=\"lazy\" decoding=\"async\" width=\"700\" height=\"700\" src=\"https:\/\/mythologyechoes.com\/wp-content\/uploads\/2025\/04\/mythologyechoes.com-Indienne-square.png\" class=\"attachment-full size-full\" alt=\"\" srcset=\"https:\/\/mythologyechoes.com\/wp-content\/uploads\/2025\/04\/mythologyechoes.com-Indienne-square.png 700w, https:\/\/mythologyechoes.com\/wp-content\/uploads\/2025\/04\/mythologyechoes.com-Indienne-square-300x300.png 300w, https:\/\/mythologyechoes.com\/wp-content\/uploads\/2025\/04\/mythologyechoes.com-Indienne-square-150x150.png 150w, https:\/\/mythologyechoes.com\/wp-content\/uploads\/2025\/04\/mythologyechoes.com-Indienne-square-650x650.png 650w, https:\/\/mythologyechoes.com\/wp-content\/uploads\/2025\/04\/mythologyechoes.com-Indienne-square-600x600.png 600w, https:\/\/mythologyechoes.com\/wp-content\/uploads\/2025\/04\/mythologyechoes.com-Indienne-square-100x100.png 100w\" sizes=\"auto, (max-width: 700px) 100vw, 700px\" \/>\t\t\t\t                    <a class=\"eltdf-team-link\" href=\"https:\/\/mythologyechoes.com\/index.php\/category\/indienne-hindoue\/\" target=\"\" ><\/a>\n                                \t\t\t<\/div>\n\t\t\t\t<div class=\"eltdf-team-info\">\n\t\t\t\t\t\t\t<h5 class=\"eltdf-team-name\" >Indienne \/ Hindoue<\/h5>\n\t\t\t\t\t\t\t\t\t\t<div class=\"eltdf-team-position\" >-1500 av. J.-C.<\/div>\n\t\t\t\t\t\t\t\t\t\t<p class=\"eltdf-team-text\" >Multiforme et mill\u00e9naire, la mythologie hindoue puise dans les V\u00e9das, les \u00e9pop\u00e9es du Mahabharata et du Ramayana, et les Puranas. Brahma, Vishnou, Shiva, mais aussi des centaines de dieux et d\u00e9esses<\/p>\n\t\t\t\t\t<\/div>\n\t<\/div>\n<\/div>[vc_empty_space height=\u00a0\u00bb72px\u00a0\u00bb][\/vc_column][vc_column offset=\u00a0\u00bbvc_col-lg-offset-0 vc_col-lg-3 vc_col-md-offset-0 vc_col-md-6 vc_col-sm-offset-0 vc_col-xs-12&Prime;]<div class=\"eltdf-team-holder eltdf-team-info-below-image\">\n\t<div class=\"eltdf-team-inner\">\n\t\t\t\t\t<div class=\"eltdf-team-image\">\n                <img loading=\"lazy\" decoding=\"async\" width=\"700\" height=\"700\" src=\"https:\/\/mythologyechoes.com\/wp-content\/uploads\/2025\/04\/mythologyechoes.com-Japonaise-square.png\" class=\"attachment-full size-full\" alt=\"\" srcset=\"https:\/\/mythologyechoes.com\/wp-content\/uploads\/2025\/04\/mythologyechoes.com-Japonaise-square.png 700w, https:\/\/mythologyechoes.com\/wp-content\/uploads\/2025\/04\/mythologyechoes.com-Japonaise-square-300x300.png 300w, https:\/\/mythologyechoes.com\/wp-content\/uploads\/2025\/04\/mythologyechoes.com-Japonaise-square-150x150.png 150w, https:\/\/mythologyechoes.com\/wp-content\/uploads\/2025\/04\/mythologyechoes.com-Japonaise-square-650x650.png 650w, https:\/\/mythologyechoes.com\/wp-content\/uploads\/2025\/04\/mythologyechoes.com-Japonaise-square-600x600.png 600w, https:\/\/mythologyechoes.com\/wp-content\/uploads\/2025\/04\/mythologyechoes.com-Japonaise-square-100x100.png 100w\" sizes=\"auto, (max-width: 700px) 100vw, 700px\" \/>\t\t\t\t                    <a class=\"eltdf-team-link\" href=\"https:\/\/mythologyechoes.com\/index.php\/category\/japonaise-shintoiste\/\" target=\"\" ><\/a>\n                                \t\t\t<\/div>\n\t\t\t\t<div class=\"eltdf-team-info\">\n\t\t\t\t\t\t\t<h5 class=\"eltdf-team-name\" >Japonaise \/ Shinto\u00efste<\/h5>\n\t\t\t\t\t\t\t\t\t\t<div class=\"eltdf-team-position\" >-1000 av. J.-C.<\/div>\n\t\t\t\t\t\t\t\t\t\t<p class=\"eltdf-team-text\" >Ancr\u00e9e dans le culte des kami (esprits), la mythologie japonaise commence avec Izanagi et Izanami, cr\u00e9ateurs de l\u2019archipel. La d\u00e9esse Amaterasu (soleil), Susanoo (mer)<\/p>\n\t\t\t\t\t<\/div>\n\t<\/div>\n<\/div>[vc_empty_space height=\u00a0\u00bb72px\u00a0\u00bb][\/vc_column][vc_column offset=\u00a0\u00bbvc_col-lg-offset-0 vc_col-lg-3 vc_col-md-offset-0 vc_col-md-6 vc_col-sm-offset-0 vc_col-xs-12&Prime;]<div class=\"eltdf-team-holder eltdf-team-info-below-image\">\n\t<div class=\"eltdf-team-inner\">\n\t\t\t\t\t<div class=\"eltdf-team-image\">\n                <img loading=\"lazy\" decoding=\"async\" width=\"700\" height=\"700\" src=\"https:\/\/mythologyechoes.com\/wp-content\/uploads\/2025\/04\/mythologyechoes.com-Nordique-square.png\" class=\"attachment-full size-full\" alt=\"\" srcset=\"https:\/\/mythologyechoes.com\/wp-content\/uploads\/2025\/04\/mythologyechoes.com-Nordique-square.png 700w, https:\/\/mythologyechoes.com\/wp-content\/uploads\/2025\/04\/mythologyechoes.com-Nordique-square-300x300.png 300w, https:\/\/mythologyechoes.com\/wp-content\/uploads\/2025\/04\/mythologyechoes.com-Nordique-square-150x150.png 150w, https:\/\/mythologyechoes.com\/wp-content\/uploads\/2025\/04\/mythologyechoes.com-Nordique-square-650x650.png 650w, https:\/\/mythologyechoes.com\/wp-content\/uploads\/2025\/04\/mythologyechoes.com-Nordique-square-600x600.png 600w, https:\/\/mythologyechoes.com\/wp-content\/uploads\/2025\/04\/mythologyechoes.com-Nordique-square-100x100.png 100w\" sizes=\"auto, (max-width: 700px) 100vw, 700px\" \/>\t\t\t\t                    <a class=\"eltdf-team-link\" href=\"https:\/\/mythologyechoes.com\/index.php\/category\/nordique-scandinave\/\" target=\"\" ><\/a>\n                                \t\t\t<\/div>\n\t\t\t\t<div class=\"eltdf-team-info\">\n\t\t\t\t\t\t\t<h5 class=\"eltdf-team-name\" >Nordique \/ Scandinave<\/h5>\n\t\t\t\t\t\t\t\t\t\t<div class=\"eltdf-team-position\" >~200 ap. J.-C.<\/div>\n\t\t\t\t\t\t\t\t\t\t<p class=\"eltdf-team-text\" >Venue du froid du Nord, transmise oralement puis \u00e9crite dans les Eddas, la mythologie nordique oppose les dieux d\u2019Asgard (Odin, Thor, Freyja) aux g\u00e9ants du chaos.<\/p>\n\t\t\t\t\t<\/div>\n\t<\/div>\n<\/div>[vc_empty_space height=\u00a0\u00bb72px\u00a0\u00bb][\/vc_column][vc_column offset=\u00a0\u00bbvc_col-lg-offset-0 vc_col-lg-3 vc_col-md-offset-0 vc_col-md-6 vc_col-sm-offset-0 vc_col-xs-12&Prime;]<div class=\"eltdf-team-holder eltdf-team-info-below-image\">\n\t<div class=\"eltdf-team-inner\">\n\t\t\t\t\t<div class=\"eltdf-team-image\">\n                <img loading=\"lazy\" decoding=\"async\" width=\"700\" height=\"700\" src=\"https:\/\/mythologyechoes.com\/wp-content\/uploads\/2025\/04\/mythologyechoes.com-Romaine-square.png\" class=\"attachment-full size-full\" alt=\"\" srcset=\"https:\/\/mythologyechoes.com\/wp-content\/uploads\/2025\/04\/mythologyechoes.com-Romaine-square.png 700w, https:\/\/mythologyechoes.com\/wp-content\/uploads\/2025\/04\/mythologyechoes.com-Romaine-square-300x300.png 300w, https:\/\/mythologyechoes.com\/wp-content\/uploads\/2025\/04\/mythologyechoes.com-Romaine-square-150x150.png 150w, https:\/\/mythologyechoes.com\/wp-content\/uploads\/2025\/04\/mythologyechoes.com-Romaine-square-650x650.png 650w, https:\/\/mythologyechoes.com\/wp-content\/uploads\/2025\/04\/mythologyechoes.com-Romaine-square-600x600.png 600w, https:\/\/mythologyechoes.com\/wp-content\/uploads\/2025\/04\/mythologyechoes.com-Romaine-square-100x100.png 100w\" sizes=\"auto, (max-width: 700px) 100vw, 700px\" \/>\t\t\t\t                    <a class=\"eltdf-team-link\" href=\"https:\/\/mythologyechoes.com\/index.php\/category\/romaine\/\" target=\"\" ><\/a>\n                                \t\t\t<\/div>\n\t\t\t\t<div class=\"eltdf-team-info\">\n\t\t\t\t\t\t\t<h5 class=\"eltdf-team-name\" >Romaine<\/h5>\n\t\t\t\t\t\t\t\t\t\t<div class=\"eltdf-team-position\" >- 500 av. J.-C.)<\/div>\n\t\t\t\t\t\t\t\t\t\t<p class=\"eltdf-team-text\" >Souvent fusionn\u00e9e avec celle des Grecs, la mythologie romaine se distingue par son sens du devoir (pietas), du culte domestique et de la grandeur de Rome. Jupiter, Mars, V\u00e9nus, Mercure<\/p>\n\t\t\t\t\t<\/div>\n\t<\/div>\n<\/div>[vc_empty_space height=\u00a0\u00bb72px\u00a0\u00bb][\/vc_column][\/vc_row]<\/p>\n<\/div>","protected":false},"excerpt":{"rendered":"<p>[vc_row row_content_width=\u00a0\u00bbgrid\u00a0\u00bb css=\u00a0\u00bb.vc_custom_1569503610699{padding-top: 147px !important;padding-bottom: 71px !important;}\u00a0\u00bb][vc_column offset=\u00a0\u00bbvc_col-lg-offset-1 vc_col-lg-10 vc_col-md-offset-0 vc_col-md-12 vc_col-sm-offset-0 vc_col-xs-12&Prime;][\/vc_column][\/vc_row][vc_row row_content_width=\u00a0\u00bbgrid\u00a0\u00bb content_text_aligment=\u00a0\u00bbcenter\u00a0\u00bb][vc_column offset=\u00a0\u00bbvc_col-lg-offset-0 vc_col-lg-3 vc_col-md-offset-0 vc_col-md-6 vc_col-sm-offset-0 vc_col-xs-12&Prime;][vc_empty_space height=\u00a0\u00bb72px\u00a0\u00bb][\/vc_column][vc_column offset=\u00a0\u00bbvc_col-lg-offset-0 vc_col-lg-3 vc_col-md-offset-0 vc_col-md-6 vc_col-sm-offset-0 vc_col-xs-12&Prime;][vc_empty_space height=\u00a0\u00bb72px\u00a0\u00bb][\/vc_column][vc_column offset=\u00a0\u00bbvc_col-lg-offset-0 vc_col-lg-3 vc_col-md-offset-0 vc_col-md-6 vc_col-sm-offset-0 vc_col-xs-12&Prime;][vc_empty_space height=\u00a0\u00bb72px\u00a0\u00bb][\/vc_column][vc_column offset=\u00a0\u00bbvc_col-lg-offset-0 vc_col-lg-3 vc_col-md-offset-0 vc_col-md-6 [&hellip;]<\/p>\n","protected":false},"author":1,"featured_media":0,"parent":0,"menu_order":0,"comment_status":"closed","ping_status":"closed","template":"full-width.php","meta":{"footnotes":""},"class_list":["post-1219","page","type-page","status-publish","hentry"],"_links":{"self":[{"href":"https:\/\/mythologyechoes.com\/index.php\/wp-json\/wp\/v2\/pages\/1219","targetHints":{"allow":["GET"]}}],"collection":[{"href":"https:\/\/mythologyechoes.com\/index.php\/wp-json\/wp\/v2\/pages"}],"about":[{"href":"https:\/\/mythologyechoes.com\/index.php\/wp-json\/wp\/v2\/types\/page"}],"author":[{"embeddable":true,"href":"https:\/\/mythologyechoes.com\/index.php\/wp-json\/wp\/v2\/users\/1"}],"replies":[{"embeddable":true,"href":"https:\/\/mythologyechoes.com\/index.php\/wp-json\/wp\/v2\/comments?post=1219"}],"version-history":[{"count":21,"href":"https:\/\/mythologyechoes.com\/index.php\/wp-json\/wp\/v2\/pages\/1219\/revisions"}],"predecessor-version":[{"id":2607,"href":"https:\/\/mythologyechoes.com\/index.php\/wp-json\/wp\/v2\/pages\/1219\/revisions\/2607"}],"wp:attachment":[{"href":"https:\/\/mythologyechoes.com\/index.php\/wp-json\/wp\/v2\/media?parent=1219"}],"curies":[{"name":"wp","href":"https:\/\/api.w.org\/{rel}","templated":true}]}}